{"id":5,"date":"2020-03-04T10:01:54","date_gmt":"2020-03-04T10:01:54","guid":{"rendered":"http:\/\/cursolimon2-blog.blogs.upv.es\/?page_id=2"},"modified":"2020-03-13T08:54:34","modified_gmt":"2020-03-13T08:54:34","slug":"pagina-ejemplo","status":"publish","type":"page","link":"https:\/\/cursolimon2.blogs.upv.es\/?page_id=5","title":{"rendered":"Inicio"},"content":{"rendered":"\r\n<p>Aqu\u00ed encontrar\u00e1s informaci\u00f3n general sobre diferentes refrigeraci\u00f3n industrial, su evoluci\u00f3n hist\u00f3rica y aplicaciones en la vida cotidiana<\/p>\r\n","protected":false},"excerpt":{"rendered":"<p>Aqu\u00ed encontrar\u00e1s informaci\u00f3n general sobre diferentes refrigeraci\u00f3n industrial, su evoluci\u00f3n hist\u00f3rica y aplicaciones en la vida cotidiana<\/p>\n","protected":false},"author":51536,"featured_media":0,"parent":0,"menu_order":0,"comment_status":"closed","ping_status":"open","template":"","meta":{"footnotes":""},"class_list":["post-5","page","type-page","status-publish","hentry"],"_links":{"self":[{"href":"https:\/\/cursolimon2.blogs.upv.es\/index.php?rest_route=\/wp\/v2\/pages\/5","targetHints":{"allow":["GET"]}}],"collection":[{"href":"https:\/\/cursolimon2.blogs.upv.es\/index.php?rest_route=\/wp\/v2\/pages"}],"about":[{"href":"https:\/\/cursolimon2.blogs.upv.es\/index.php?rest_route=\/wp\/v2\/types\/page"}],"author":[{"embeddable":true,"href":"https:\/\/cursolimon2.blogs.upv.es\/index.php?rest_route=\/wp\/v2\/users\/51536"}],"replies":[{"embeddable":true,"href":"https:\/\/cursolimon2.blogs.upv.es\/index.php?rest_route=%2Fwp%2Fv2%2Fcomments&post=5"}],"version-history":[{"count":2,"href":"https:\/\/cursolimon2.blogs.upv.es\/index.php?rest_route=\/wp\/v2\/pages\/5\/revisions"}],"predecessor-version":[{"id":224,"href":"https:\/\/cursolimon2.blogs.upv.es\/index.php?rest_route=\/wp\/v2\/pages\/5\/revisions\/224"}],"wp:attachment":[{"href":"https:\/\/cursolimon2.blogs.upv.es\/index.php?rest_route=%2Fwp%2Fv2%2Fmedia&parent=5"}],"curies":[{"name":"wp","href":"https:\/\/api.w.org\/{rel}","templated":true}]}}